{"id":21039,"date":"2021-11-29T16:58:17","date_gmt":"2021-11-29T15:58:17","guid":{"rendered":"https:\/\/p-xq7l1i.project.space\/?page_id=21039"},"modified":"2022-05-06T15:33:32","modified_gmt":"2022-05-06T13:33:32","slug":"emergency-lighting","status":"publish","type":"page","link":"https:\/\/aquin.com\/de\/branchen\/emergency-lighting\/","title":{"rendered":"Emergency Lighting"},"content":{"rendered":"<p><div class=\"fusion-fullwidth fullwidth-box fusion-builder-row-1 fusion-flex-container nonhundred-percent-fullwidth non-hundred-percent-height-scrolling\" style=\"--awb-border-radius-top-left:0px;--awb-border-radius-top-right:0px;--awb-border-radius-bottom-right:0px;--awb-border-radius-bottom-left:0px;--awb-padding-top:40px;--awb-padding-bottom:20px;--awb-flex-wrap:wrap;\" ><div class=\"fusion-builder-row fusion-row fusion-flex-align-items-flex-start fusion-flex-content-wrap\" style=\"max-width:1206.4px;margin-left: calc(-4% \/ 2 );margin-right: calc(-4% \/ 2 );\"><div class=\"fusion-layout-column fusion_builder_column fusion-builder-column-0 fusion_builder_column_2_3 2_3 fusion-flex-column\" style=\"--awb-bg-size:cover;--awb-width-large:66.666666666667%;--awb-margin-top-large:0px;--awb-spacing-right-large:2.88%;--awb-margin-bottom-large:20px;--awb-spacing-left-large:2.88%;--awb-width-medium:66.666666666667%;--awb-order-medium:0;--awb-spacing-right-medium:2.88%;--awb-spacing-left-medium:2.88%;--awb-width-small:100%;--awb-order-small:0;--awb-spacing-right-small:1.92%;--awb-spacing-left-small:1.92%;\"><div class=\"fusion-column-wrapper fusion-column-has-shadow fusion-flex-justify-content-flex-start fusion-content-layout-column\"><div class=\"fusion-text fusion-text-1\"><p><a class=\"zurueck_link\" href=\"https:\/\/aquin.com\/de\/branchen\/beleuchtung\/\">zur\u00fcck zur Beleuchtung-\u00dcbersicht<\/a><\/p>\n<\/div><div class=\"fusion-title title fusion-title-1 fusion-sep-none fusion-title-text fusion-title-size-one\" style=\"--awb-text-color:#4b575f;\"><h1 class=\"fusion-title-heading title-heading-left fusion-responsive-typography-calculated\" style=\"margin:0;--fontSize:35;line-height:1.2;\"><span style=\"text-transform:uppercase;\">Emergency Lighting<\/span><\/h1><\/div><div class=\"fusion-text fusion-text-2\"><p>\u201cSo unscheinbar Notleuchten auch sein m\u00f6gen, ihre Funktionsf\u00e4higkeit ist entscheidend f\u00fcr die Sicherheit von Menschen \u2013 insbesondere unter h\u00e4rtesten Bedingungen.\u201c<\/p>\n<p>Dieses Beleuchtungssegment ist eine weitere interessante Nische. Wie in allen Bereichen der Sicherheit, m\u00fcssen strengste Anforderungen erf\u00fcllt werden. Das schafft eine Barriere gegen die Billig-Konkurrenz und sorgt f\u00fcr attraktive Margen. Neben der Zuverl\u00e4ssigkeit ist auch die \u00c4sthetik von gro\u00dfer Bedeutung.<\/p>\n<\/div><\/div><\/div><div class=\"fusion-layout-column fusion_builder_column fusion-builder-column-1 fusion_builder_column_1_3 1_3 fusion-flex-column fusion-flex-align-self-center\" style=\"--awb-bg-size:cover;--awb-width-large:33.333333333333%;--awb-margin-top-large:0px;--awb-spacing-right-large:5.76%;--awb-margin-bottom-large:20px;--awb-spacing-left-large:5.76%;--awb-width-medium:33.333333333333%;--awb-order-medium:0;--awb-spacing-right-medium:5.76%;--awb-spacing-left-medium:5.76%;--awb-width-small:100%;--awb-order-small:0;--awb-spacing-right-small:1.92%;--awb-spacing-left-small:1.92%;\"><div class=\"fusion-column-wrapper fusion-column-has-shadow fusion-flex-justify-content-flex-start fusion-content-layout-column\"><div class=\"fusion-image-element \" style=\"text-align:center;--awb-caption-title-font-family:var(--h2_typography-font-family);--awb-caption-title-font-weight:var(--h2_typography-font-weight);--awb-caption-title-font-style:var(--h2_typography-font-style);--awb-caption-title-size:var(--h2_typography-font-size);--awb-caption-title-transform:var(--h2_typography-text-transform);--awb-caption-title-line-height:var(--h2_typography-line-height);--awb-caption-title-letter-spacing:var(--h2_typography-letter-spacing);\"><span class=\" fusion-imageframe imageframe-none imageframe-1 hover-type-none\"><img decoding=\"async\" width=\"1024\" height=\"556\" title=\"Aquin_Lighting_Niches_Emergency\" src=\"https:\/\/aquin.com\/wp-content\/uploads\/2021\/11\/Aquin_Lighting_Niches_Emergency.png\" data-orig-src=\"https:\/\/aquin.com\/wp-content\/uploads\/2021\/11\/Aquin_Lighting_Niches_Emergency-1024x556.png\" alt class=\"lazyload img-responsive wp-image-21040\" srcset=\"data:image\/svg+xml,%3Csvg%20xmlns%3D%27http%3A%2F%2Fwww.w3.org%2F2000%2Fsvg%27%20width%3D%272434%27%20height%3D%271322%27%20viewBox%3D%270%200%202434%201322%27%3E%3Crect%20width%3D%272434%27%20height%3D%271322%27%20fill-opacity%3D%220%22%2F%3E%3C%2Fsvg%3E\" data-srcset=\"https:\/\/aquin.com\/wp-content\/uploads\/2021\/11\/Aquin_Lighting_Niches_Emergency-200x109.png 200w, https:\/\/aquin.com\/wp-content\/uploads\/2021\/11\/Aquin_Lighting_Niches_Emergency-400x217.png 400w, https:\/\/aquin.com\/wp-content\/uploads\/2021\/11\/Aquin_Lighting_Niches_Emergency-600x326.png 600w, https:\/\/aquin.com\/wp-content\/uploads\/2021\/11\/Aquin_Lighting_Niches_Emergency-800x435.png 800w, https:\/\/aquin.com\/wp-content\/uploads\/2021\/11\/Aquin_Lighting_Niches_Emergency-1200x652.png 1200w\" data-sizes=\"auto\" data-orig-sizes=\"(max-width: 770px) 100vw, 400px\" \/><\/span><\/div><\/div><\/div><\/div><\/div><div class=\"fusion-fullwidth fullwidth-box fusion-builder-row-2 fusion-flex-container nonhundred-percent-fullwidth non-hundred-percent-height-scrolling\" style=\"--awb-border-radius-top-left:0px;--awb-border-radius-top-right:0px;--awb-border-radius-bottom-right:0px;--awb-border-radius-bottom-left:0px;--awb-padding-top:40px;--awb-padding-bottom:20px;--awb-flex-wrap:wrap;\" ><div class=\"fusion-builder-row fusion-row fusion-flex-align-items-flex-start fusion-flex-content-wrap\" style=\"max-width:1206.4px;margin-left: calc(-4% \/ 2 );margin-right: calc(-4% \/ 2 );\"><div class=\"fusion-layout-column fusion_builder_column fusion-builder-column-2 fusion_builder_column_1_1 1_1 fusion-flex-column\" style=\"--awb-bg-size:cover;--awb-width-large:100%;--awb-margin-top-large:0px;--awb-spacing-right-large:1.92%;--awb-margin-bottom-large:20px;--awb-spacing-left-large:1.92%;--awb-width-medium:100%;--awb-order-medium:0;--awb-spacing-right-medium:1.92%;--awb-spacing-left-medium:1.92%;--awb-width-small:100%;--awb-order-small:0;--awb-spacing-right-small:1.92%;--awb-spacing-left-small:1.92%;\"><div class=\"fusion-column-wrapper fusion-column-has-shadow fusion-flex-justify-content-flex-start fusion-content-layout-column\"><div class=\"fusion-title title fusion-title-2 fusion-sep-none fusion-title-text fusion-title-size-one\" style=\"--awb-text-color:#4b575f;\"><h1 class=\"fusion-title-heading title-heading-left fusion-responsive-typography-calculated\" style=\"margin:0;--fontSize:35;line-height:1.2;\">AUSGEW\u00c4HLTE TRANSAKTIONEN<\/h1><\/div><div class=\"fusion-post-cards fusion-post-cards-1 fusion-grid-archive fusion-grid-columns-1 fusion-grid-flex-grow\" style=\"--awb-column-spacing:0px;--awb-columns:1;--awb-row-spacing:1px;\"><ul class=\"fusion-grid fusion-grid-1 fusion-flex-align-items-flex-start fusion-grid-posts-cards\"><li class=\"fusion-layout-column fusion_builder_column fusion-builder-column-3 fusion-flex-column post-card fusion-grid-column fusion-post-cards-grid-column fusion-animated\" style=\"--awb-padding-top:40px;--awb-padding-bottom:40px;--awb-padding-top-small:40px;--awb-padding-bottom-small:40px;--awb-bg-blend:overlay;--awb-bg-size:cover;--awb-border-color:#edeeef;--awb-border-bottom:10px;--awb-border-style:solid;--awb-flex-grow:0;--awb-flex-shrink:0;--awb-flex-grow-medium:0;--awb-flex-shrink-medium:0;--awb-flex-grow-small:0;--awb-flex-shrink-small:0;\" data-animationType=\"fadeInUp\" data-animationDuration=\"1.0\" data-animationOffset=\"top-into-view\"><div class=\"fusion-column-wrapper fusion-flex-justify-content-center fusion-content-layout-column\"><div class=\"fusion-builder-row fusion-builder-row-inner fusion-row fusion-flex-align-items-flex-start fusion-flex-content-wrap\" style=\"width:104% !important;max-width:104% !important;margin-left: calc(-4% \/ 2 );margin-right: calc(-4% \/ 2 );\"><div class=\"fusion-layout-column fusion_builder_column_inner fusion-builder-nested-column-0 fusion-flex-column fusion-flex-align-self-center\" style=\"--awb-bg-size:cover;--awb-width-large:45%;--awb-margin-top-large:0px;--awb-spacing-right-large:4.2666666666667%;--awb-margin-bottom-large:0px;--awb-spacing-left-large:4.2666666666667%;--awb-width-medium:45%;--awb-order-medium:0;--awb-spacing-right-medium:4.2666666666667%;--awb-spacing-left-medium:4.2666666666667%;--awb-width-small:90%;--awb-order-small:0;--awb-spacing-right-small:2.1333333333333%;--awb-margin-bottom-small:0;--awb-spacing-left-small:2.1333333333333%;\"><div class=\"fusion-column-wrapper fusion-column-has-shadow fusion-flex-justify-content-center fusion-content-layout-column\"><div class=\"fusion-text fusion-text-3\" style=\"--awb-content-alignment:left;\"><p>Aquin ber\u00e4t:<\/p>\n<\/div><div class=\"fusion-image-element \" style=\"--awb-margin-bottom-small:40px;--awb-caption-title-font-family:var(--h2_typography-font-family);--awb-caption-title-font-weight:var(--h2_typography-font-weight);--awb-caption-title-font-style:var(--h2_typography-font-style);--awb-caption-title-size:var(--h2_typography-font-size);--awb-caption-title-transform:var(--h2_typography-text-transform);--awb-caption-title-line-height:var(--h2_typography-line-height);--awb-caption-title-letter-spacing:var(--h2_typography-letter-spacing);\"><span class=\" fusion-imageframe imageframe-none imageframe-2 hover-type-none logohoehe\"><a class=\"fusion-no-lightbox\" href=\"https:\/\/aquin.com\/de\/verkauf-swareflex-an-norka\/\" target=\"_self\" aria-label=\"Logo_SWAREFLEX\"><img decoding=\"async\" width=\"385\" height=\"108\" src=\"https:\/\/aquin.com\/wp-content\/uploads\/2021\/08\/Logo_SWAREFLEX-e1630420239926.jpeg\" data-orig-src=\"https:\/\/aquin.com\/wp-content\/uploads\/2021\/08\/Logo_SWAREFLEX-e1630420239926.jpeg\" alt class=\"lazyload img-responsive wp-image-18387\" srcset=\"data:image\/svg+xml,%3Csvg%20xmlns%3D%27http%3A%2F%2Fwww.w3.org%2F2000%2Fsvg%27%20width%3D%27385%27%20height%3D%27108%27%20viewBox%3D%270%200%20385%20108%27%3E%3Crect%20width%3D%27385%27%20height%3D%27108%27%20fill-opacity%3D%220%22%2F%3E%3C%2Fsvg%3E\" data-srcset=\"https:\/\/aquin.com\/wp-content\/uploads\/2021\/08\/Logo_SWAREFLEX-e1630420239926-200x56.jpeg 200w, https:\/\/aquin.com\/wp-content\/uploads\/2021\/08\/Logo_SWAREFLEX-e1630420239926.jpeg 385w\" data-sizes=\"auto\" data-orig-sizes=\"(max-width: 770px) 100vw, 385px\" \/><\/a><\/span><\/div><div class=\"fusion-text fusion-text-4 fusion-no-large-visibility\"><p>bei dem Verkauf an:<\/p>\n<\/div><div class=\"fusion-image-element fusion-no-medium-visibility fusion-no-large-visibility\" style=\"--awb-caption-title-font-family:var(--h2_typography-font-family);--awb-caption-title-font-weight:var(--h2_typography-font-weight);--awb-caption-title-font-style:var(--h2_typography-font-style);--awb-caption-title-size:var(--h2_typography-font-size);--awb-caption-title-transform:var(--h2_typography-text-transform);--awb-caption-title-line-height:var(--h2_typography-line-height);--awb-caption-title-letter-spacing:var(--h2_typography-letter-spacing);\"><span class=\" fusion-imageframe imageframe-none imageframe-3 hover-type-none logohoehe\"><a class=\"fusion-no-lightbox\" href=\"https:\/\/aquin.com\/de\/verkauf-swareflex-an-norka\/\" target=\"_self\" aria-label=\"Logo_NORKA\"><img decoding=\"async\" width=\"325\" height=\"110\" src=\"https:\/\/aquin.com\/wp-content\/uploads\/2021\/08\/Logo_NORKA-e1630420270656.jpeg\" alt class=\"img-responsive wp-image-18389 disable-lazyload\" srcset=\"https:\/\/aquin.com\/wp-content\/uploads\/2021\/08\/Logo_NORKA-e1630420270656-200x68.jpeg 200w, https:\/\/aquin.com\/wp-content\/uploads\/2021\/08\/Logo_NORKA-e1630420270656.jpeg 325w\" sizes=\"(max-width: 770px) 100vw, 325px\" \/><\/a><\/span><\/div><\/div><\/div><div class=\"fusion-layout-column fusion_builder_column_inner fusion-builder-nested-column-1 fusion-flex-column fusion-flex-align-self-center fusion-no-small-visibility\" style=\"--awb-bg-size:cover;--awb-width-large:45%;--awb-margin-top-large:0px;--awb-spacing-right-large:4.2666666666667%;--awb-margin-bottom-large:0px;--awb-spacing-left-large:4.2666666666667%;--awb-width-medium:45%;--awb-order-medium:0;--awb-spacing-right-medium:4.2666666666667%;--awb-spacing-left-medium:4.2666666666667%;--awb-width-small:100%;--awb-order-small:0;--awb-spacing-right-small:1.92%;--awb-spacing-left-small:1.92%;\"><div class=\"fusion-column-wrapper fusion-column-has-shadow fusion-flex-justify-content-center fusion-content-layout-column\"><div class=\"fusion-text fusion-text-5\" style=\"--awb-content-alignment:left;\"><p>bei dem Verkauf an:<\/p>\n<\/div><div class=\"fusion-image-element \" style=\"--awb-caption-title-font-family:var(--h2_typography-font-family);--awb-caption-title-font-weight:var(--h2_typography-font-weight);--awb-caption-title-font-style:var(--h2_typography-font-style);--awb-caption-title-size:var(--h2_typography-font-size);--awb-caption-title-transform:var(--h2_typography-text-transform);--awb-caption-title-line-height:var(--h2_typography-line-height);--awb-caption-title-letter-spacing:var(--h2_typography-letter-spacing);\"><span class=\" fusion-imageframe imageframe-none imageframe-4 hover-type-none logohoehe\"><a class=\"fusion-no-lightbox\" href=\"https:\/\/aquin.com\/de\/verkauf-swareflex-an-norka\/\" target=\"_self\" aria-label=\"Logo_NORKA\"><img decoding=\"async\" width=\"325\" height=\"110\" src=\"https:\/\/aquin.com\/wp-content\/uploads\/2021\/08\/Logo_NORKA-e1630420270656.jpeg\" alt class=\"img-responsive wp-image-18389 disable-lazyload\" srcset=\"https:\/\/aquin.com\/wp-content\/uploads\/2021\/08\/Logo_NORKA-e1630420270656-200x68.jpeg 200w, https:\/\/aquin.com\/wp-content\/uploads\/2021\/08\/Logo_NORKA-e1630420270656.jpeg 325w\" sizes=\"(max-width: 770px) 100vw, 325px\" \/><\/a><\/span><\/div><\/div><\/div><div class=\"fusion-layout-column fusion_builder_column_inner fusion-builder-nested-column-2 fusion-flex-column fusion-flex-align-self-center\" style=\"--awb-bg-size:cover;--awb-width-large:10%;--awb-margin-top-large:0px;--awb-spacing-right-large:19.2%;--awb-margin-bottom-large:20px;--awb-spacing-left-large:19.2%;--awb-width-medium:10%;--awb-order-medium:0;--awb-spacing-right-medium:19.2%;--awb-spacing-left-medium:19.2%;--awb-width-small:10%;--awb-order-small:0;--awb-spacing-right-small:19.2%;--awb-spacing-left-small:19.2%;\"><div class=\"fusion-column-wrapper fusion-column-has-shadow fusion-flex-justify-content-flex-start fusion-content-layout-column\"><div class=\"fusion-image-element \" style=\"text-align:right;--awb-max-width:20px;--awb-caption-title-font-family:var(--h2_typography-font-family);--awb-caption-title-font-weight:var(--h2_typography-font-weight);--awb-caption-title-font-style:var(--h2_typography-font-style);--awb-caption-title-size:var(--h2_typography-font-size);--awb-caption-title-transform:var(--h2_typography-text-transform);--awb-caption-title-line-height:var(--h2_typography-line-height);--awb-caption-title-letter-spacing:var(--h2_typography-letter-spacing);--awb-filter:opacity(100%);--awb-filter-transition:filter 0.3s ease;--awb-filter-hover:opacity(80%);\"><span class=\" fusion-imageframe imageframe-none imageframe-5 hover-type-none\"><a class=\"fusion-no-lightbox\" href=\"https:\/\/aquin.com\/de\/verkauf-swareflex-an-norka\/\" target=\"_self\" aria-label=\"icon-blog-2\"><img decoding=\"async\" width=\"20\" height=\"20\" src=\"data:image\/svg+xml,%3Csvg%20xmlns%3D%27http%3A%2F%2Fwww.w3.org%2F2000%2Fsvg%27%20width%3D%2720%27%20height%3D%2720%27%20viewBox%3D%270%200%2020%2020%27%3E%3Crect%20width%3D%2720%27%20height%3D%2720%27%20fill-opacity%3D%220%22%2F%3E%3C%2Fsvg%3E\" data-orig-src=\"https:\/\/aquin.com\/wp-content\/uploads\/2021\/11\/icon-blog-2.png\" alt class=\"lazyload img-responsive wp-image-20812\"\/><\/a><\/span><\/div><\/div><\/div><\/div><\/div><\/li>\n<\/ul><\/div><\/div><\/div><\/div><\/div><div class=\"fusion-fullwidth fullwidth-box fusion-builder-row-3 fusion-flex-container nonhundred-percent-fullwidth non-hundred-percent-height-scrolling\" style=\"--awb-border-radius-top-left:0px;--awb-border-radius-top-right:0px;--awb-border-radius-bottom-right:0px;--awb-border-radius-bottom-left:0px;--awb-padding-top:40px;--awb-padding-bottom:20px;--awb-flex-wrap:wrap;\" ><div class=\"fusion-builder-row fusion-row fusion-flex-align-items-flex-start fusion-flex-content-wrap\" style=\"max-width:1206.4px;margin-left: calc(-4% \/ 2 );margin-right: calc(-4% \/ 2 );\"><div class=\"fusion-layout-column fusion_builder_column fusion-builder-column-4 fusion_builder_column_1_1 1_1 fusion-flex-column\" style=\"--awb-bg-size:cover;--awb-width-large:100%;--awb-flex-grow:0;--awb-flex-shrink:0;--awb-margin-top-large:0px;--awb-spacing-right-large:1.92%;--awb-margin-bottom-large:20px;--awb-spacing-left-large:1.92%;--awb-width-medium:100%;--awb-order-medium:0;--awb-flex-grow-medium:0;--awb-flex-shrink-medium:0;--awb-spacing-right-medium:1.92%;--awb-spacing-left-medium:1.92%;--awb-width-small:100%;--awb-order-small:0;--awb-flex-grow-small:0;--awb-flex-shrink-small:0;--awb-spacing-right-small:1.92%;--awb-spacing-left-small:1.92%;\"><div class=\"fusion-column-wrapper fusion-column-has-shadow fusion-flex-justify-content-flex-start fusion-content-layout-column\"><div class=\"fusion-title title fusion-title-3 fusion-sep-none fusion-title-text fusion-title-size-one\" style=\"--awb-text-color:#4b575f;--awb-margin-bottom:40px;\"><h1 class=\"fusion-title-heading title-heading-left fusion-responsive-typography-calculated\" style=\"margin:0;--fontSize:35;line-height:1.2;\">WEITERF\u00dcHRENDE LINKS<\/h1><\/div><div class=\"fusion-text fusion-text-6\"><p><a style=\"font-size:75%;\" class=\"icon-zu-text\" href=\"\/branchen\/beleuchtung\/#m_a-daten-fakten\">M&amp;A im Licht \u2013 Daten, Fakten, Hintergr\u00fcnde<\/a><\/p>\n<p><a style=\"font-size:75%;\" class=\"icon-zu-text\" href=\"\/branchen\/beleuchtung\/#lichtsegmente\">Weitere Lichtsegmente<\/a><\/p>\n<p><a style=\"font-size:75%;\" class=\"icon-zu-text\" href=\"\/branchen\/beleuchtung\/#senioradvisor\">Ansprechpartner<\/a><\/p>\n<\/div><\/div><\/div><\/div><\/div>\n<\/p>\n","protected":false},"excerpt":{"rendered":"","protected":false},"author":1,"featured_media":0,"parent":17858,"menu_order":0,"comment_status":"closed","ping_status":"closed","template":"100-width.php","meta":{"_acf_changed":false,"footnotes":""},"class_list":["post-21039","page","type-page","status-publish","hentry"],"acf":[],"yoast_head":"<!-- This site is optimized with the Yoast SEO plugin v26.4 - https:\/\/yoast.com\/wordpress\/plugins\/seo\/ -->\n<title>Emergency Lighting - Aquin<\/title>\n<meta name=\"robots\" content=\"index, follow, max-snippet:-1, max-image-preview:large, max-video-preview:-1\" \/>\n<link rel=\"canonical\" href=\"https:\/\/aquin.com\/de\/branchen\/emergency-lighting\/\" \/>\n<meta property=\"og:locale\" content=\"de_DE\" \/>\n<meta property=\"og:type\" content=\"article\" \/>\n<meta property=\"og:title\" content=\"Emergency Lighting - Aquin\" \/>\n<meta property=\"og:url\" content=\"https:\/\/aquin.com\/de\/branchen\/emergency-lighting\/\" \/>\n<meta property=\"og:site_name\" content=\"Aquin\" \/>\n<meta property=\"article:modified_time\" content=\"2022-05-06T13:33:32+00:00\" \/>\n<meta name=\"twitter:card\" content=\"summary_large_image\" \/>\n<meta name=\"twitter:label1\" content=\"Gesch\u00e4tzte Lesezeit\" \/>\n\t<meta name=\"twitter:data1\" content=\"6\u00a0Minuten\" \/>\n<script type=\"application\/ld+json\" class=\"yoast-schema-graph\">{\"@context\":\"https:\/\/schema.org\",\"@graph\":[{\"@type\":\"WebPage\",\"@id\":\"https:\/\/aquin.com\/de\/branchen\/emergency-lighting\/\",\"url\":\"https:\/\/aquin.com\/de\/branchen\/emergency-lighting\/\",\"name\":\"Emergency Lighting - Aquin\",\"isPartOf\":{\"@id\":\"https:\/\/aquin.com\/de\/#website\"},\"datePublished\":\"2021-11-29T15:58:17+00:00\",\"dateModified\":\"2022-05-06T13:33:32+00:00\",\"breadcrumb\":{\"@id\":\"https:\/\/aquin.com\/de\/branchen\/emergency-lighting\/#breadcrumb\"},\"inLanguage\":\"de\",\"potentialAction\":[{\"@type\":\"ReadAction\",\"target\":[\"https:\/\/aquin.com\/de\/branchen\/emergency-lighting\/\"]}]},{\"@type\":\"BreadcrumbList\",\"@id\":\"https:\/\/aquin.com\/de\/branchen\/emergency-lighting\/#breadcrumb\",\"itemListElement\":[{\"@type\":\"ListItem\",\"position\":1,\"name\":\"Startseite\",\"item\":\"https:\/\/aquin.com\/de\/\"},{\"@type\":\"ListItem\",\"position\":2,\"name\":\"Branchen\",\"item\":\"https:\/\/aquin.com\/de\/branchen\/\"},{\"@type\":\"ListItem\",\"position\":3,\"name\":\"Emergency Lighting\"}]},{\"@type\":\"WebSite\",\"@id\":\"https:\/\/aquin.com\/de\/#website\",\"url\":\"https:\/\/aquin.com\/de\/\",\"name\":\"Aquin\",\"description\":\"\",\"publisher\":{\"@id\":\"https:\/\/aquin.com\/de\/#organization\"},\"potentialAction\":[{\"@type\":\"SearchAction\",\"target\":{\"@type\":\"EntryPoint\",\"urlTemplate\":\"https:\/\/aquin.com\/de\/?s={search_term_string}\"},\"query-input\":{\"@type\":\"PropertyValueSpecification\",\"valueRequired\":true,\"valueName\":\"search_term_string\"}}],\"inLanguage\":\"de\"},{\"@type\":\"Organization\",\"@id\":\"https:\/\/aquin.com\/de\/#organization\",\"name\":\"Aquin & Cie. AG\",\"url\":\"https:\/\/aquin.com\/de\/\",\"logo\":{\"@type\":\"ImageObject\",\"inLanguage\":\"de\",\"@id\":\"https:\/\/aquin.com\/de\/#\/schema\/logo\/image\/\",\"url\":\"https:\/\/aquin.com\/wp-content\/uploads\/2021\/07\/AQUIN_Logo_274x60-1.png\",\"contentUrl\":\"https:\/\/aquin.com\/wp-content\/uploads\/2021\/07\/AQUIN_Logo_274x60-1.png\",\"width\":274,\"height\":60,\"caption\":\"Aquin & Cie. AG\"},\"image\":{\"@id\":\"https:\/\/aquin.com\/de\/#\/schema\/logo\/image\/\"}}]}<\/script>\n<!-- \/ Yoast SEO plugin. -->","yoast_head_json":{"title":"Emergency Lighting - Aquin","robots":{"index":"index","follow":"follow","max-snippet":"max-snippet:-1","max-image-preview":"max-image-preview:large","max-video-preview":"max-video-preview:-1"},"canonical":"https:\/\/aquin.com\/de\/branchen\/emergency-lighting\/","og_locale":"de_DE","og_type":"article","og_title":"Emergency Lighting - Aquin","og_url":"https:\/\/aquin.com\/de\/branchen\/emergency-lighting\/","og_site_name":"Aquin","article_modified_time":"2022-05-06T13:33:32+00:00","twitter_card":"summary_large_image","twitter_misc":{"Gesch\u00e4tzte Lesezeit":"6\u00a0Minuten"},"schema":{"@context":"https:\/\/schema.org","@graph":[{"@type":"WebPage","@id":"https:\/\/aquin.com\/de\/branchen\/emergency-lighting\/","url":"https:\/\/aquin.com\/de\/branchen\/emergency-lighting\/","name":"Emergency Lighting - Aquin","isPartOf":{"@id":"https:\/\/aquin.com\/de\/#website"},"datePublished":"2021-11-29T15:58:17+00:00","dateModified":"2022-05-06T13:33:32+00:00","breadcrumb":{"@id":"https:\/\/aquin.com\/de\/branchen\/emergency-lighting\/#breadcrumb"},"inLanguage":"de","potentialAction":[{"@type":"ReadAction","target":["https:\/\/aquin.com\/de\/branchen\/emergency-lighting\/"]}]},{"@type":"BreadcrumbList","@id":"https:\/\/aquin.com\/de\/branchen\/emergency-lighting\/#breadcrumb","itemListElement":[{"@type":"ListItem","position":1,"name":"Startseite","item":"https:\/\/aquin.com\/de\/"},{"@type":"ListItem","position":2,"name":"Branchen","item":"https:\/\/aquin.com\/de\/branchen\/"},{"@type":"ListItem","position":3,"name":"Emergency Lighting"}]},{"@type":"WebSite","@id":"https:\/\/aquin.com\/de\/#website","url":"https:\/\/aquin.com\/de\/","name":"Aquin","description":"","publisher":{"@id":"https:\/\/aquin.com\/de\/#organization"},"potentialAction":[{"@type":"SearchAction","target":{"@type":"EntryPoint","urlTemplate":"https:\/\/aquin.com\/de\/?s={search_term_string}"},"query-input":{"@type":"PropertyValueSpecification","valueRequired":true,"valueName":"search_term_string"}}],"inLanguage":"de"},{"@type":"Organization","@id":"https:\/\/aquin.com\/de\/#organization","name":"Aquin & Cie. AG","url":"https:\/\/aquin.com\/de\/","logo":{"@type":"ImageObject","inLanguage":"de","@id":"https:\/\/aquin.com\/de\/#\/schema\/logo\/image\/","url":"https:\/\/aquin.com\/wp-content\/uploads\/2021\/07\/AQUIN_Logo_274x60-1.png","contentUrl":"https:\/\/aquin.com\/wp-content\/uploads\/2021\/07\/AQUIN_Logo_274x60-1.png","width":274,"height":60,"caption":"Aquin & Cie. AG"},"image":{"@id":"https:\/\/aquin.com\/de\/#\/schema\/logo\/image\/"}}]}},"_links":{"self":[{"href":"https:\/\/aquin.com\/de\/wp-json\/wp\/v2\/pages\/21039","targetHints":{"allow":["GET"]}}],"collection":[{"href":"https:\/\/aquin.com\/de\/wp-json\/wp\/v2\/pages"}],"about":[{"href":"https:\/\/aquin.com\/de\/wp-json\/wp\/v2\/types\/page"}],"author":[{"embeddable":true,"href":"https:\/\/aquin.com\/de\/wp-json\/wp\/v2\/users\/1"}],"replies":[{"embeddable":true,"href":"https:\/\/aquin.com\/de\/wp-json\/wp\/v2\/comments?post=21039"}],"version-history":[{"count":9,"href":"https:\/\/aquin.com\/de\/wp-json\/wp\/v2\/pages\/21039\/revisions"}],"predecessor-version":[{"id":22448,"href":"https:\/\/aquin.com\/de\/wp-json\/wp\/v2\/pages\/21039\/revisions\/22448"}],"up":[{"embeddable":true,"href":"https:\/\/aquin.com\/de\/wp-json\/wp\/v2\/pages\/17858"}],"wp:attachment":[{"href":"https:\/\/aquin.com\/de\/wp-json\/wp\/v2\/media?parent=21039"}],"curies":[{"name":"wp","href":"https:\/\/api.w.org\/{rel}","templated":true}]}}