{"id":18019,"date":"2021-08-23T08:41:09","date_gmt":"2021-08-23T06:41:09","guid":{"rendered":"https:\/\/p-xq7l1i.project.space\/?page_id=18019"},"modified":"2025-11-18T16:39:57","modified_gmt":"2025-11-18T15:39:57","slug":"kontakt","status":"publish","type":"page","link":"https:\/\/aquin.com\/de\/kontakt\/","title":{"rendered":"Kontakt"},"content":{"rendered":"<div class=\"fusion-fullwidth fullwidth-box fusion-builder-row-1 fusion-flex-container nonhundred-percent-fullwidth non-hundred-percent-height-scrolling\" style=\"--awb-border-radius-top-left:0px;--awb-border-radius-top-right:0px;--awb-border-radius-bottom-right:0px;--awb-border-radius-bottom-left:0px;--awb-padding-top:40px;--awb-padding-bottom:20px;--awb-flex-wrap:wrap;\" ><div class=\"fusion-builder-row fusion-row fusion-flex-align-items-flex-start fusion-flex-content-wrap\" style=\"max-width:1206.4px;margin-left: calc(-4% \/ 2 );margin-right: calc(-4% \/ 2 );\"><div class=\"fusion-layout-column fusion_builder_column fusion-builder-column-0 fusion_builder_column_1_2 1_2 fusion-flex-column\" style=\"--awb-bg-size:cover;--awb-width-large:50%;--awb-margin-top-large:0px;--awb-spacing-right-large:3.84%;--awb-margin-bottom-large:20px;--awb-spacing-left-large:3.84%;--awb-width-medium:50%;--awb-order-medium:0;--awb-spacing-right-medium:3.84%;--awb-spacing-left-medium:3.84%;--awb-width-small:100%;--awb-order-small:0;--awb-spacing-right-small:1.92%;--awb-spacing-left-small:1.92%;\"><div class=\"fusion-column-wrapper fusion-column-has-shadow fusion-flex-justify-content-flex-start fusion-content-layout-column\"><div class=\"fusion-title title fusion-title-1 fusion-sep-none fusion-title-text fusion-title-size-one\" style=\"--awb-text-color:#4b575f;--awb-margin-bottom:40px;\"><h1 class=\"fusion-title-heading title-heading-left fusion-responsive-typography-calculated\" style=\"margin:0;--fontSize:35;line-height:1.2;\">B\u00dcRO M\u00dcNCHEN<\/h1><\/div><div class=\"fusion-image-element \" style=\"--awb-margin-bottom:20px;--awb-caption-title-font-family:var(--h2_typography-font-family);--awb-caption-title-font-weight:var(--h2_typography-font-weight);--awb-caption-title-font-style:var(--h2_typography-font-style);--awb-caption-title-size:var(--h2_typography-font-size);--awb-caption-title-transform:var(--h2_typography-text-transform);--awb-caption-title-line-height:var(--h2_typography-line-height);--awb-caption-title-letter-spacing:var(--h2_typography-letter-spacing);\"><span class=\" fusion-imageframe imageframe-none imageframe-1 hover-type-none\"><img decoding=\"async\" width=\"300\" height=\"300\" title=\"anfahrt_Munich-150&#215;150@2x\" src=\"https:\/\/aquin.com\/wp-content\/uploads\/2021\/08\/anfahrt_Munich-150x150@2x.png\" data-orig-src=\"https:\/\/aquin.com\/wp-content\/uploads\/2021\/08\/anfahrt_Munich-150x150@2x-300x300.png\" alt class=\"lazyload img-responsive wp-image-18027\" srcset=\"data:image\/svg+xml,%3Csvg%20xmlns%3D%27http%3A%2F%2Fwww.w3.org%2F2000%2Fsvg%27%20width%3D%27300%27%20height%3D%27300%27%20viewBox%3D%270%200%20300%20300%27%3E%3Crect%20width%3D%27300%27%20height%3D%27300%27%20fill-opacity%3D%220%22%2F%3E%3C%2Fsvg%3E\" data-srcset=\"https:\/\/aquin.com\/wp-content\/uploads\/2021\/08\/anfahrt_Munich-150x150@2x-200x200.png 200w, https:\/\/aquin.com\/wp-content\/uploads\/2021\/08\/anfahrt_Munich-150x150@2x.png 300w\" data-sizes=\"auto\" data-orig-sizes=\"(max-width: 770px) 100vw, 300px\" \/><\/span><\/div><div class=\"fusion-text fusion-text-1\"><p><a class=\"icon-zu-text\" href=\"https:\/\/goo.gl\/maps\/dvAusH1ZCj138ko3A\"><small>Google Maps<\/small><\/a><\/p>\n<\/div><div class=\"fusion-text fusion-text-2 fusion-text-no-margin\" style=\"--awb-margin-bottom:40px;\"><p>Aquin &amp; Cie. AG<br \/>\nSchackstra\u00dfe 1<br \/>\n80539 M\u00fcnchen<br \/>\nt +49 (0) 89 41 35 39 0<\/p>\n<\/div><div class=\"fusion-text fusion-text-3\"><p><strong>Ihre Ansprechpartnerin<\/strong><br \/>\nBesarte Shala<\/p>\n<\/div><div class=\"fusion-image-element \" style=\"--awb-margin-bottom:20px;--awb-caption-title-font-family:var(--h2_typography-font-family);--awb-caption-title-font-weight:var(--h2_typography-font-weight);--awb-caption-title-font-style:var(--h2_typography-font-style);--awb-caption-title-size:var(--h2_typography-font-size);--awb-caption-title-transform:var(--h2_typography-text-transform);--awb-caption-title-line-height:var(--h2_typography-line-height);--awb-caption-title-letter-spacing:var(--h2_typography-letter-spacing);\"><span class=\" fusion-imageframe imageframe-none imageframe-2 hover-type-none\"><img decoding=\"async\" width=\"500\" height=\"386\" title=\"Portrait_Besa_01\" src=\"https:\/\/aquin.com\/wp-content\/uploads\/2020\/12\/Portrait_Besa_01.png\" data-orig-src=\"https:\/\/aquin.com\/wp-content\/uploads\/2020\/12\/Portrait_Besa_01-500x386.png\" alt class=\"lazyload img-responsive wp-image-17586\" srcset=\"data:image\/svg+xml,%3Csvg%20xmlns%3D%27http%3A%2F%2Fwww.w3.org%2F2000%2Fsvg%27%20width%3D%27668%27%20height%3D%27516%27%20viewBox%3D%270%200%20668%20516%27%3E%3Crect%20width%3D%27668%27%20height%3D%27516%27%20fill-opacity%3D%220%22%2F%3E%3C%2Fsvg%3E\" data-srcset=\"https:\/\/aquin.com\/wp-content\/uploads\/2020\/12\/Portrait_Besa_01-200x154.png 200w, https:\/\/aquin.com\/wp-content\/uploads\/2020\/12\/Portrait_Besa_01-400x309.png 400w, https:\/\/aquin.com\/wp-content\/uploads\/2020\/12\/Portrait_Besa_01-600x463.png 600w, https:\/\/aquin.com\/wp-content\/uploads\/2020\/12\/Portrait_Besa_01.png 668w\" data-sizes=\"auto\" data-orig-sizes=\"(max-width: 770px) 100vw, 600px\" \/><\/span><\/div><div class=\"fusion-text fusion-text-4\"><p><a class=\"icon-zu-text\" href=\"mailto:bs@aquin.com\"><small>E-Mail Kontakt<\/small><\/a><\/p>\n<\/div><div class=\"fusion-text fusion-text-5\"><p><strong>Anreise per Auto:<\/strong><br \/>\nZahlreiche Parkm\u00f6glichkeiten finden sich in der Akademiestra\u00dfe in direkter N\u00e4he zum B\u00fcro.<\/p>\n<p><strong>Anreise per Bahn:<\/strong><br \/>\nVom Hauptbahnhof nehmen Sie die U4\/U5 bis Odeonsplatz und steigen hier in die U3\/U6 bis Universit\u00e4t. Von hier erreichen Sie das B\u00fcro bequem zu Fu\u00df.<\/p>\n<\/div><\/div><\/div><div class=\"fusion-layout-column fusion_builder_column fusion-builder-column-1 fusion_builder_column_1_2 1_2 fusion-flex-column\" style=\"--awb-bg-size:cover;--awb-width-large:50%;--awb-margin-top-large:0px;--awb-spacing-right-large:3.84%;--awb-margin-bottom-large:20px;--awb-spacing-left-large:3.84%;--awb-width-medium:50%;--awb-order-medium:0;--awb-spacing-right-medium:3.84%;--awb-spacing-left-medium:3.84%;--awb-width-small:100%;--awb-order-small:0;--awb-spacing-right-small:1.92%;--awb-spacing-left-small:1.92%;\"><div class=\"fusion-column-wrapper fusion-column-has-shadow fusion-flex-justify-content-flex-start fusion-content-layout-column\"><div class=\"fusion-title title fusion-title-2 fusion-sep-none fusion-title-text fusion-title-size-one\" style=\"--awb-text-color:#4b575f;--awb-margin-bottom:40px;\"><h1 class=\"fusion-title-heading title-heading-left fusion-responsive-typography-calculated\" style=\"margin:0;--fontSize:35;line-height:1.2;\">B\u00dcRO LINDAU<\/h1><\/div><div class=\"fusion-image-element \" style=\"--awb-margin-bottom:20px;--awb-caption-title-font-family:var(--h2_typography-font-family);--awb-caption-title-font-weight:var(--h2_typography-font-weight);--awb-caption-title-font-style:var(--h2_typography-font-style);--awb-caption-title-size:var(--h2_typography-font-size);--awb-caption-title-transform:var(--h2_typography-text-transform);--awb-caption-title-line-height:var(--h2_typography-line-height);--awb-caption-title-letter-spacing:var(--h2_typography-letter-spacing);\"><span class=\" fusion-imageframe imageframe-none imageframe-3 hover-type-none\"><img decoding=\"async\" width=\"300\" height=\"300\" title=\"anfahrt_Lindau-150&#215;150@2x\" src=\"https:\/\/aquin.com\/wp-content\/uploads\/2021\/08\/anfahrt_Lindau-150x150@2x.png\" data-orig-src=\"https:\/\/aquin.com\/wp-content\/uploads\/2021\/08\/anfahrt_Lindau-150x150@2x-300x300.png\" alt class=\"lazyload img-responsive wp-image-18029\" srcset=\"data:image\/svg+xml,%3Csvg%20xmlns%3D%27http%3A%2F%2Fwww.w3.org%2F2000%2Fsvg%27%20width%3D%27300%27%20height%3D%27300%27%20viewBox%3D%270%200%20300%20300%27%3E%3Crect%20width%3D%27300%27%20height%3D%27300%27%20fill-opacity%3D%220%22%2F%3E%3C%2Fsvg%3E\" data-srcset=\"https:\/\/aquin.com\/wp-content\/uploads\/2021\/08\/anfahrt_Lindau-150x150@2x-200x200.png 200w, https:\/\/aquin.com\/wp-content\/uploads\/2021\/08\/anfahrt_Lindau-150x150@2x.png 300w\" data-sizes=\"auto\" data-orig-sizes=\"(max-width: 770px) 100vw, 300px\" \/><\/span><\/div><div class=\"fusion-text fusion-text-6\"><p><a class=\"icon-zu-text\" href=\"https:\/\/goo.gl\/maps\/soQaLNBVyuZsBLSn8\"><small>Google Maps<\/small><\/a><\/p>\n<\/div><div class=\"fusion-text fusion-text-7 fusion-text-no-margin\" style=\"--awb-margin-bottom:40px;\"><p>Aquin &amp; Cie. AG<br \/>\nLudwigstra\u00dfe 11<br \/>\n88131 Lindau<br \/>\nt +49 (0) 8382 976 876 7<br \/>\nf +49 (0) 8382 976 876 6<\/p>\n<\/div><div class=\"fusion-text fusion-text-8\"><p><strong>Ihre Ansprechpartnerin<\/strong><br \/>\nMiriam Keller<\/p>\n<\/div><div class=\"fusion-image-element \" style=\"--awb-margin-bottom:20px;--awb-caption-title-font-family:var(--h2_typography-font-family);--awb-caption-title-font-weight:var(--h2_typography-font-weight);--awb-caption-title-font-style:var(--h2_typography-font-style);--awb-caption-title-size:var(--h2_typography-font-size);--awb-caption-title-transform:var(--h2_typography-text-transform);--awb-caption-title-line-height:var(--h2_typography-line-height);--awb-caption-title-letter-spacing:var(--h2_typography-letter-spacing);\"><span class=\" fusion-imageframe imageframe-none imageframe-4 hover-type-none\"><img decoding=\"async\" width=\"500\" height=\"386\" title=\"Miriam-Keller-Aquin\" src=\"https:\/\/aquin.com\/wp-content\/uploads\/2020\/12\/Miriam-Keller-Aquin.jpg\" data-orig-src=\"https:\/\/aquin.com\/wp-content\/uploads\/2020\/12\/Miriam-Keller-Aquin-500x386.jpg\" alt class=\"lazyload img-responsive wp-image-17500\" srcset=\"data:image\/svg+xml,%3Csvg%20xmlns%3D%27http%3A%2F%2Fwww.w3.org%2F2000%2Fsvg%27%20width%3D%27668%27%20height%3D%27516%27%20viewBox%3D%270%200%20668%20516%27%3E%3Crect%20width%3D%27668%27%20height%3D%27516%27%20fill-opacity%3D%220%22%2F%3E%3C%2Fsvg%3E\" data-srcset=\"https:\/\/aquin.com\/wp-content\/uploads\/2020\/12\/Miriam-Keller-Aquin-200x154.jpg 200w, https:\/\/aquin.com\/wp-content\/uploads\/2020\/12\/Miriam-Keller-Aquin-400x309.jpg 400w, https:\/\/aquin.com\/wp-content\/uploads\/2020\/12\/Miriam-Keller-Aquin-600x463.jpg 600w, https:\/\/aquin.com\/wp-content\/uploads\/2020\/12\/Miriam-Keller-Aquin.jpg 668w\" data-sizes=\"auto\" data-orig-sizes=\"(max-width: 770px) 100vw, 600px\" \/><\/span><\/div><div class=\"fusion-text fusion-text-9\"><p><a class=\"icon-zu-text\" href=\"mailto:mlk@aquin.com\"><small>E-Mail Kontakt<\/small><\/a><\/p>\n<\/div><div class=\"fusion-text fusion-text-10\"><p><strong>Anreise per Auto:<\/strong><br \/>\nZahlreiche Parkm\u00f6glichkeiten finden sich bei den Parkpl\u00e4tzen P4 (Inselhallenparkplatz), P5 (Seeparkplatz) oder am Reichsplatz in direkter N\u00e4he zum B\u00fcro.<\/p>\n<p><strong>Anreise per Bahn:<\/strong><br \/>\nVom Bahnhof erreichen Sie unser B\u00fcro in ca. 5 Minuten bequem zu Fu\u00df.<\/p>\n<\/div><\/div><\/div><\/div><\/div>\n","protected":false},"excerpt":{"rendered":"","protected":false},"author":1,"featured_media":0,"parent":0,"menu_order":0,"comment_status":"closed","ping_status":"closed","template":"100-width.php","meta":{"_acf_changed":false,"footnotes":""},"class_list":["post-18019","page","type-page","status-publish","hentry"],"acf":[],"yoast_head":"<!-- This site is optimized with the Yoast SEO plugin v26.4 - https:\/\/yoast.com\/wordpress\/plugins\/seo\/ -->\n<title>Kontakt - Aquin<\/title>\n<meta name=\"robots\" content=\"index, follow, max-snippet:-1, max-image-preview:large, max-video-preview:-1\" \/>\n<link rel=\"canonical\" href=\"https:\/\/aquin.com\/de\/kontakt\/\" \/>\n<meta property=\"og:locale\" content=\"de_DE\" \/>\n<meta property=\"og:type\" content=\"article\" \/>\n<meta property=\"og:title\" content=\"Kontakt - Aquin\" \/>\n<meta property=\"og:url\" content=\"https:\/\/aquin.com\/de\/kontakt\/\" \/>\n<meta property=\"og:site_name\" content=\"Aquin\" \/>\n<meta property=\"article:modified_time\" content=\"2025-11-18T15:39:57+00:00\" \/>\n<meta name=\"twitter:card\" content=\"summary_large_image\" \/>\n<meta name=\"twitter:label1\" content=\"Gesch\u00e4tzte Lesezeit\" \/>\n\t<meta name=\"twitter:data1\" content=\"2\u00a0Minuten\" \/>\n<script type=\"application\/ld+json\" class=\"yoast-schema-graph\">{\"@context\":\"https:\/\/schema.org\",\"@graph\":[{\"@type\":\"WebPage\",\"@id\":\"https:\/\/aquin.com\/de\/kontakt\/\",\"url\":\"https:\/\/aquin.com\/de\/kontakt\/\",\"name\":\"Kontakt - Aquin\",\"isPartOf\":{\"@id\":\"https:\/\/aquin.com\/de\/#website\"},\"datePublished\":\"2021-08-23T06:41:09+00:00\",\"dateModified\":\"2025-11-18T15:39:57+00:00\",\"breadcrumb\":{\"@id\":\"https:\/\/aquin.com\/de\/kontakt\/#breadcrumb\"},\"inLanguage\":\"de\",\"potentialAction\":[{\"@type\":\"ReadAction\",\"target\":[\"https:\/\/aquin.com\/de\/kontakt\/\"]}]},{\"@type\":\"BreadcrumbList\",\"@id\":\"https:\/\/aquin.com\/de\/kontakt\/#breadcrumb\",\"itemListElement\":[{\"@type\":\"ListItem\",\"position\":1,\"name\":\"Startseite\",\"item\":\"https:\/\/aquin.com\/de\/\"},{\"@type\":\"ListItem\",\"position\":2,\"name\":\"Kontakt\"}]},{\"@type\":\"WebSite\",\"@id\":\"https:\/\/aquin.com\/de\/#website\",\"url\":\"https:\/\/aquin.com\/de\/\",\"name\":\"Aquin\",\"description\":\"\",\"publisher\":{\"@id\":\"https:\/\/aquin.com\/de\/#organization\"},\"potentialAction\":[{\"@type\":\"SearchAction\",\"target\":{\"@type\":\"EntryPoint\",\"urlTemplate\":\"https:\/\/aquin.com\/de\/?s={search_term_string}\"},\"query-input\":{\"@type\":\"PropertyValueSpecification\",\"valueRequired\":true,\"valueName\":\"search_term_string\"}}],\"inLanguage\":\"de\"},{\"@type\":\"Organization\",\"@id\":\"https:\/\/aquin.com\/de\/#organization\",\"name\":\"Aquin & Cie. AG\",\"url\":\"https:\/\/aquin.com\/de\/\",\"logo\":{\"@type\":\"ImageObject\",\"inLanguage\":\"de\",\"@id\":\"https:\/\/aquin.com\/de\/#\/schema\/logo\/image\/\",\"url\":\"https:\/\/aquin.com\/wp-content\/uploads\/2021\/07\/AQUIN_Logo_274x60-1.png\",\"contentUrl\":\"https:\/\/aquin.com\/wp-content\/uploads\/2021\/07\/AQUIN_Logo_274x60-1.png\",\"width\":274,\"height\":60,\"caption\":\"Aquin & Cie. AG\"},\"image\":{\"@id\":\"https:\/\/aquin.com\/de\/#\/schema\/logo\/image\/\"}}]}<\/script>\n<!-- \/ Yoast SEO plugin. -->","yoast_head_json":{"title":"Kontakt - Aquin","robots":{"index":"index","follow":"follow","max-snippet":"max-snippet:-1","max-image-preview":"max-image-preview:large","max-video-preview":"max-video-preview:-1"},"canonical":"https:\/\/aquin.com\/de\/kontakt\/","og_locale":"de_DE","og_type":"article","og_title":"Kontakt - Aquin","og_url":"https:\/\/aquin.com\/de\/kontakt\/","og_site_name":"Aquin","article_modified_time":"2025-11-18T15:39:57+00:00","twitter_card":"summary_large_image","twitter_misc":{"Gesch\u00e4tzte Lesezeit":"2\u00a0Minuten"},"schema":{"@context":"https:\/\/schema.org","@graph":[{"@type":"WebPage","@id":"https:\/\/aquin.com\/de\/kontakt\/","url":"https:\/\/aquin.com\/de\/kontakt\/","name":"Kontakt - Aquin","isPartOf":{"@id":"https:\/\/aquin.com\/de\/#website"},"datePublished":"2021-08-23T06:41:09+00:00","dateModified":"2025-11-18T15:39:57+00:00","breadcrumb":{"@id":"https:\/\/aquin.com\/de\/kontakt\/#breadcrumb"},"inLanguage":"de","potentialAction":[{"@type":"ReadAction","target":["https:\/\/aquin.com\/de\/kontakt\/"]}]},{"@type":"BreadcrumbList","@id":"https:\/\/aquin.com\/de\/kontakt\/#breadcrumb","itemListElement":[{"@type":"ListItem","position":1,"name":"Startseite","item":"https:\/\/aquin.com\/de\/"},{"@type":"ListItem","position":2,"name":"Kontakt"}]},{"@type":"WebSite","@id":"https:\/\/aquin.com\/de\/#website","url":"https:\/\/aquin.com\/de\/","name":"Aquin","description":"","publisher":{"@id":"https:\/\/aquin.com\/de\/#organization"},"potentialAction":[{"@type":"SearchAction","target":{"@type":"EntryPoint","urlTemplate":"https:\/\/aquin.com\/de\/?s={search_term_string}"},"query-input":{"@type":"PropertyValueSpecification","valueRequired":true,"valueName":"search_term_string"}}],"inLanguage":"de"},{"@type":"Organization","@id":"https:\/\/aquin.com\/de\/#organization","name":"Aquin & Cie. AG","url":"https:\/\/aquin.com\/de\/","logo":{"@type":"ImageObject","inLanguage":"de","@id":"https:\/\/aquin.com\/de\/#\/schema\/logo\/image\/","url":"https:\/\/aquin.com\/wp-content\/uploads\/2021\/07\/AQUIN_Logo_274x60-1.png","contentUrl":"https:\/\/aquin.com\/wp-content\/uploads\/2021\/07\/AQUIN_Logo_274x60-1.png","width":274,"height":60,"caption":"Aquin & Cie. AG"},"image":{"@id":"https:\/\/aquin.com\/de\/#\/schema\/logo\/image\/"}}]}},"_links":{"self":[{"href":"https:\/\/aquin.com\/de\/wp-json\/wp\/v2\/pages\/18019","targetHints":{"allow":["GET"]}}],"collection":[{"href":"https:\/\/aquin.com\/de\/wp-json\/wp\/v2\/pages"}],"about":[{"href":"https:\/\/aquin.com\/de\/wp-json\/wp\/v2\/types\/page"}],"author":[{"embeddable":true,"href":"https:\/\/aquin.com\/de\/wp-json\/wp\/v2\/users\/1"}],"replies":[{"embeddable":true,"href":"https:\/\/aquin.com\/de\/wp-json\/wp\/v2\/comments?post=18019"}],"version-history":[{"count":20,"href":"https:\/\/aquin.com\/de\/wp-json\/wp\/v2\/pages\/18019\/revisions"}],"predecessor-version":[{"id":25855,"href":"https:\/\/aquin.com\/de\/wp-json\/wp\/v2\/pages\/18019\/revisions\/25855"}],"wp:attachment":[{"href":"https:\/\/aquin.com\/de\/wp-json\/wp\/v2\/media?parent=18019"}],"curies":[{"name":"wp","href":"https:\/\/api.w.org\/{rel}","templated":true}]}}