{"id":17986,"date":"2021-08-23T08:20:46","date_gmt":"2021-08-23T06:20:46","guid":{"rendered":"https:\/\/p-xq7l1i.project.space\/?page_id=17986"},"modified":"2026-01-20T17:08:55","modified_gmt":"2026-01-20T16:08:55","slug":"impressum-datenschutz","status":"publish","type":"page","link":"https:\/\/aquin.com\/de\/impressum-datenschutz\/","title":{"rendered":"Impressum | Datenschutz"},"content":{"rendered":"<div class=\"fusion-fullwidth fullwidth-box fusion-builder-row-1 fusion-flex-container nonhundred-percent-fullwidth non-hundred-percent-height-scrolling\" style=\"--awb-border-radius-top-left:0px;--awb-border-radius-top-right:0px;--awb-border-radius-bottom-right:0px;--awb-border-radius-bottom-left:0px;--awb-padding-top:40px;--awb-padding-bottom:20px;--awb-flex-wrap:wrap;\" ><div class=\"fusion-builder-row fusion-row fusion-flex-align-items-flex-start fusion-flex-content-wrap\" style=\"max-width:1206.4px;margin-left: calc(-4% \/ 2 );margin-right: calc(-4% \/ 2 );\"><div class=\"fusion-layout-column fusion_builder_column fusion-builder-column-0 fusion_builder_column_1_1 1_1 fusion-flex-column\" style=\"--awb-bg-size:cover;--awb-width-large:100%;--awb-margin-top-large:0px;--awb-spacing-right-large:1.92%;--awb-margin-bottom-large:20px;--awb-spacing-left-large:1.92%;--awb-width-medium:100%;--awb-order-medium:0;--awb-spacing-right-medium:1.92%;--awb-spacing-left-medium:1.92%;--awb-width-small:100%;--awb-order-small:0;--awb-spacing-right-small:1.92%;--awb-spacing-left-small:1.92%;\"><div class=\"fusion-column-wrapper fusion-column-has-shadow fusion-flex-justify-content-flex-start fusion-content-layout-column\"><div class=\"fusion-title title fusion-title-1 fusion-sep-none fusion-title-text fusion-title-size-one\" style=\"--awb-text-color:#4b575f;\"><h1 class=\"fusion-title-heading title-heading-left fusion-responsive-typography-calculated\" style=\"margin:0;--fontSize:35;line-height:1.2;\">IMPRESSUM<\/h1><\/div><div class=\"fusion-text fusion-text-1\"><p>Aquin &amp; Cie. AG<br \/>\nmit Sitz in der Schackstr. 1<br \/>\n80539 M\u00fcnchen<\/p>\n<p>t +49 (0)89 41 35 39 0<\/p>\n<p>info@aquin.com<br \/>\nwww.aquin.com<\/p>\n<p>Vertreten durch die Vorst\u00e4nde<br \/>\nDr. J\u00fcrgen Kuttruff,<br \/>\nMartin Kanatschnig.<\/p>\n<p>Vorsitzender des Aufsichtsrats: Hans-Peter Metzler<\/p>\n<p>Handelsregisternummer:<br \/>\nAmtsgericht M\u00fcnchen HRB 184968<\/p>\n<p>Umsatzsteuer-Identifikationsnummer (USt-IdNr.):<br \/>\nDE 259497913<\/p>\n<p><strong>Rechtliche Hinweise<\/strong><br \/>\nDie Aquin &amp; Cie. AG pr\u00fcft und aktualisiert die Informationen auf ihren Webseiten st\u00e4ndig. Trotz aller Sorgfalt k\u00f6nnen sich die Daten inzwischen ver\u00e4ndert haben. Eine Haftung oder Garantie f\u00fcr die Aktualit\u00e4t, Richtigkeit und Vollst\u00e4ndigkeit der zur Verf\u00fcgung gestellten Informationen kann daher nicht \u00fcbernommen werden. Gleiches gilt auch f\u00fcr alle anderen Webseiten, auf die mittels Hyperlink verwiesen wird. Die Aquin &amp; Cie. AG ist f\u00fcr den Inhalt der Webseiten, die aufgrund einer solchen Verbindung erreicht werden, nicht verantwortlich.<\/p>\n<p>Des Weiteren beh\u00e4lt sich die Aquin &amp; Cie. AG das Recht vor, \u00c4nderungen oder Erg\u00e4nzungen der bereitgestellten Informationen vorzunehmen.<\/p>\n<p>Inhalt und Struktur der Aquin &amp; Cie. AGWebseiten sind urheberrechtlich gesch\u00fctzt. Die Vervielf\u00e4ltigung von Informationen oder Daten, insbesondere die Verwendung von Texten, Textteilen oder Bildmaterial, bedarf der vorherigen Zustimmung der Aquin &amp; Cie. AG.<\/p>\n<p><strong>Anwendbares Recht<\/strong><br \/>\nDie rechtlichen Hinweise auf dieser Seite sowie alle Fragen und Streitigkeiten im Zusammenhang mit dieser Webseite unterliegen dem Recht der Bundesrepublik Deutschland.<\/p>\n<p>\u00a9 Aquin &amp; Cie. AG, M\u00fcnchen. Alle Rechte vorbehalten.<\/p>\n<p>Design:<br \/>\n<a href=\"https:\/\/carl-bartel.de\/\">Carl Bartel<\/a><br \/>\nProgrammierung:<br \/>\n<a href=\"https:\/\/ehmannundehmann.de\/\">Ehmann &amp; Ehmann Werbeagentur<\/a><br \/>\nIllustration:<br \/>\nFelix Malmborg &amp; Julia Presslauer<br \/>\nFotos:<br \/>\nNiko Havranek<\/p>\n<\/div><div class=\"fusion-separator fusion-full-width-sep\" style=\"align-self: center;margin-left: auto;margin-right: auto;margin-top:20px;margin-bottom:30px;width:100%;\"><div class=\"fusion-separator-border sep-single sep-solid\" style=\"--awb-height:20px;--awb-amount:20px;border-color:#edeeef;border-top-width:10px;\"><\/div><\/div><\/div><\/div><div class=\"fusion-layout-column fusion_builder_column fusion-builder-column-1 fusion_builder_column_1_1 1_1 fusion-flex-column\" style=\"--awb-bg-size:cover;--awb-width-large:100%;--awb-margin-top-large:0px;--awb-spacing-right-large:1.92%;--awb-margin-bottom-large:20px;--awb-spacing-left-large:1.92%;--awb-width-medium:100%;--awb-order-medium:0;--awb-spacing-right-medium:1.92%;--awb-spacing-left-medium:1.92%;--awb-width-small:100%;--awb-order-small:0;--awb-spacing-right-small:1.92%;--awb-spacing-left-small:1.92%;\"><div class=\"fusion-column-wrapper fusion-column-has-shadow fusion-flex-justify-content-flex-start fusion-content-layout-column\"><div class=\"fusion-title title fusion-title-2 fusion-sep-none fusion-title-text fusion-title-size-one\" style=\"--awb-text-color:#4b575f;\"><h1 class=\"fusion-title-heading title-heading-left fusion-responsive-typography-calculated\" style=\"margin:0;--fontSize:35;line-height:1.2;\">DATENSCHUTZHINWEIS<\/h1><\/div><div class=\"fusion-text fusion-text-2\"><p>Wir nehmen das Thema Datenschutz sehr ernst und bem\u00fchen uns sehr darum, Ihnen gr\u00f6\u00dftm\u00f6gliche Sicherheit in Bezug auf den Umgang mit Ihren Daten zu gew\u00e4hrleisten. Damit Sie wissen, welche personenbezogenen Daten wir von Ihnen erheben und f\u00fcr welche Zwecke wir diese verwenden, w\u00fcrden wir Sie bitten, nachfolgende Informationen gr\u00fcndlich zu lesen. Allgemein gilt, dass die Verarbeitung Ihrer Daten nach den einschl\u00e4gigen gesetzlichen Bestimmungen erfolgt. Sofern wir auf externe Dienstleister zur Durchf\u00fchrung und Abwicklung von Verarbeitungsprozessen zur\u00fcckgreifen, gelten f\u00fcr diese dieselben gesetzlichen Regelungen.<\/p>\n<p><b>Erhebung und Verarbeitung pers\u00f6nlicher Daten<\/b><\/p>\n<p>Aquin &amp; Cie. AG (im Folgenden \u201eAquin\u201c) erhebt, verwendet und nutzt Ihre pers\u00f6nlichen Daten, wie Name und E-Mail-Adresse, nur dann, wenn Sie uns diese Daten von sich aus, z. B. im Rahmen einer Registrierung f\u00fcr einen Newsletter, der Kontaktaufnahme per Email oder bei Bestellung von Informationsmaterialien, angeben. In diesem Fall nutzt Aquin Ihre pers\u00f6nlichen Daten im jeweils daf\u00fcr erforderlichen Umfang. Falls Sie mit einer solchen Verwendung und Nutzung nicht (mehr) einverstanden sein sollten, k\u00f6nnen Sie uns dies jederzeit mitteilen, damit wir die Daten entsprechend l\u00f6schen k\u00f6nnen. N\u00e4here Informationen hierzu finden Sie im Abschnitt \u201eIhre Rechte\u201c.<\/p>\n<p>Wenn Sie sich f\u00fcr unseren Newsletter registriert haben, werden die von Ihnen eingegebenen personenbezogenen Informationen ausschlie\u00dflich zu dem Zweck verwendet, Sie in regelm\u00e4\u00dfigen Abst\u00e4nden \u00fcber Neuigkeiten bzgl. Aquin zu informieren. Die Einwilligung zur Speicherung Ihrer pers\u00f6nlichen Daten k\u00f6nnen Sie jederzeit widerrufen. In jeder E-Mail von uns finden Sie dazu einen entsprechenden Link.<\/p>\n<p>Wir werden Ihre Daten nicht an Dritte weitergeben, ausgenommen etwaige Dienstleister, die in unserem Auftrag t\u00e4tig werden und die Ihre Daten nur soweit nutzen d\u00fcrfen, wie es f\u00fcr die jeweilige Dienstleistung erforderlich ist (z. B. Versand des Newsletters).<\/p>\n<p><b>Karriere<\/b><\/p>\n<p>Sie k\u00f6nnen sich auch auf elektronischem Wege bei Aquin bewerben. Ihre Angaben werden wir selbstverst\u00e4ndlich ausschlie\u00dflich zur Bearbeitung Ihrer Bewerbung verwenden und nicht an Dritte weitergeben. Bitte beachten Sie, dass unverschl\u00fcsselt \u00fcbersandte E-Mails nicht zugriffsgesch\u00fctzt \u00fcbermittelt werden.<\/p>\n<p><b>Cookies<\/b><\/p>\n<p>Wir verwenden auf verschiedenen unserer Seiten so genannte Cookies, die dazu dienen, unser Angebot nutzerfreundlicher, effektiver und sicherer zu machen. Cookies sind kleine Textdateien. Diese werden zur technischen Sitzungssteuerung im tempor\u00e4ren Speicher des Webbrowsers bzw. auf der Festplatte des Besuchers der Internetseite abgelegt. Die meisten der von uns verwendeten Cookies sind so genannte \u201eSession-Cookies\u201c. Sie werden nach dem Ende Ihres Besuchs automatisch gel\u00f6scht. Einige Cookies verbleiben als so genannte \u201edauerhafte Cookies\u201c auf Ihrem Rechner. Diese k\u00f6nnen bei Ihren n\u00e4chsten Besuchen aufgerufen werden und erm\u00f6glichen die Erkennung Ihres Browsers sowie verschiedene Servicefunktionen. Cookies richten auf Ihrem Rechner keinen Schaden an und enthalten keine Viren.<\/p>\n<p>In Ihren Browser Einstellungen k\u00f6nnen sie festlegen, dass Cookies abgelehnt oder direkt gel\u00f6scht werden. Allerdings sollten Sie beachten, dass hierdurch einzelne Funktionen unserer Webseiten nicht mehr vollst\u00e4ndig nutzbar sein k\u00f6nnten.<\/p>\n<p><b>Nutzungsdaten<\/b><\/p>\n<p>Die von uns verwendeten Webserver speichern beim Besuch unserer Internetseiten tempor\u00e4r jeden Zugriff in einer Protokolldatei. Folgende Daten werden hierbei bis zu einer automatisierten L\u00f6schung erfasst und gespeichert:<\/p>\n<p>\u2022 IP-Adresse des anfragenden Rechners<br \/>\n\u2022 Datum und Uhrzeit des Zugriffs<br \/>\n\u2022 Name und URL der abgerufenen Daten<br \/>\n\u2022 Zugriffsstatus (Datei \u00fcbertragen, Datei nicht gefunden etc.)<br \/>\n\u2022 Verwendete Webbrowser- und verwendetes Betriebssystem<br \/>\n\u2022 Webseite, von der aus der Zugriff auf unsere Homepage erfolgt<br \/>\n\u2022 \u00dcbertragene Datenmenge<br \/>\n\u2022 Die von den Servern gespeicherten Nutzungsdaten werden keiner nat\u00fcrlichen Person zugeordnet.<\/p>\n<p>Die Protokolldaten werden nur f\u00fcr statistische Auswertungen zum Zweck des Betriebs, der Sicherheit und der Optimierung des Angebotes genutzt. Wir behalten uns jedoch vor, die Protokolldaten nachtr\u00e4glich zu \u00fcberpr\u00fcfen, wenn aufgrund konkreter Anhaltspunkte der berechtigte Verdacht einer rechtswidrigen Nutzung besteht.<\/p>\n<p>Rechtsgrundlage f\u00fcr die vor\u00fcbergehende Speicherung der Daten bzw. der Logfiles ist Art. 6 Abs. 1 lit. f DSGVO.<\/p>\n<p><b>Einbindung von Diensten und Inhalten Dritter<\/b><\/p>\n<p>Es kann vorkommen, dass innerhalb dieses Onlineangebotes Inhalte Dritter, wie zum Beispiel Kartenmaterial von Google-Maps oder Grafiken von anderen Webseiten eingebunden werden. Dies setzt immer voraus, dass die Anbieter dieser Inhalte (nachfolgend bezeichnet als \u201eDritt-Anbieter\u201c) die IP-Adresse der Nutzer wahrnehmen. Denn ohne die IP-Adresse, k\u00f6nnten sie die Inhalte nicht an den Browser des jeweiligen Nutzers senden. Die IP-Adresse ist damit f\u00fcr die Darstellung dieser Inhalte erforderlich. Wir bem\u00fchen uns nur solche Inhalte zu verwenden, deren jeweilige Anbieter die IP-Adresse lediglich zur Auslieferung der Inhalte verwenden. Jedoch haben wir keinen Einfluss darauf, falls die Dritt-Anbieter die IP-Adresse z.B. f\u00fcr statistische Zwecke speichern. Soweit dies uns bekannt ist, kl\u00e4ren wir die Nutzer dar\u00fcber auf.<\/p>\n<p><b>Google Analytics<\/b><\/p>\n<p>Diese Website benutzt Google Analytics, einen Webanalysedienst der Google Inc. (\u201eGoogle\u201c). Google Analytics verwendet sog. \u201eCookies\u201c, Textdateien, die auf Ihrem Computer gespeichert werden und die eine Analyse der Benutzung der Website durch Sie erm\u00f6glichen. Die durch den Cookie erzeugten Informationen \u00fcber Ihre Benutzung unserer Websites werden in der Regel an einen Server von Google in den USA \u00fcbertragen und dort gespeichert. Im Falle der Aktivierung der IP-Anonymisierung auf unseren Seiten, wird Ihre IP-Adresse von Google jedoch innerhalb von Mitgliedstaaten der Europ\u00e4ischen Union oder in anderen Vertragsstaaten des Abkommens \u00fcber den Europ\u00e4ischen Wirtschaftsraum zuvor gek\u00fcrzt. Nur in Ausnahmef\u00e4llen wird die volle IP-Adresse an einen Server von Google in den USA \u00fcbertragen und dort gek\u00fcrzt. Google verwendet diese Informationen, um Ihre Nutzung der Website auszuwerten, um Reports \u00fcber die Websiteaktivit\u00e4ten zusammenzustellen und um weitere mit der Websitenutzung und der Internetnutzung verbundene Dienstleistungen gegen\u00fcber dem Websitebetreiber zu erbringen. Die im Rahmen von Google Analytics von Ihrem Browser \u00fcbermittelte IP-Adresse wird nicht mit anderen Daten von Google zusammengef\u00fchrt. Die Verarbeitung erfolgt gem\u00e4\u00df Art. 6 Abs. 1 lit. f DSGVO bzw. \u00a7 15 Abs. 3 TMG auf Grundlage unseres berechtigten Interesses an der statistischen Analyse des Nutzerverhaltens zu Optimierungs- und Marketingzwecken. Die Speicherdauer der Daten betr\u00e4gt 26 Monate.<\/p>\n<p>Wenn Sie dies nicht w\u00fcnschen, k\u00f6nnen Sie die Erfassung der durch das Cookie erzeugten und auf Ihre Nutzung der Website bezogenen Daten (inkl. Ihrer IP-Adresse) an Google sowie die Verarbeitung dieser Daten durch Google verhindern, indem Sie das unter dem folgenden Link verf\u00fcgbare Browser-Plugin herunterladen und installieren: http:\/\/tools.google.com\/dlpage\/gaoptout?hl=de<\/p>\n<p>Weitere Informationen zur Datennutzung zu Werbezwecken durch Google, Einstellungs- und Widerspruchsm\u00f6glichkeiten erfahren Sie auf den Webseiten von Google: https:\/\/www.google.com\/intl\/de\/policies\/privacy\/partners\/ (\u201eDatennutzung durch Google bei Ihrer Nutzung von Websites oder Apps unserer Partner\u201c), http:\/\/www.google.com\/policies\/technologies\/ads (\u201eDatennutzung zu Werbezwecken\u201c), http:\/\/www.google.de\/settings\/ads (\u201eInformationen verwalten, die Google verwendet, um Ihnen Werbung einzublenden\u201c) und http:\/\/www.google.com\/ads\/preferences\/ (\u201eBestimmen Sie, welche Werbung Google Ihnen zeigt\u201c).<\/p>\n<p>Alternativ zum Browser-Add-On oder innerhalb von Browsern auf mobilen Ger\u00e4ten, klicken Sie bitte diesen Link, um die Erfassung durch Google Analytics innerhalb dieser Website zuk\u00fcnftig zu verhindern. Dabei wird ein Opt-Out-Cookie auf Ihrem Ger\u00e4t abgelegt. L\u00f6schen Sie Ihre Cookies, m\u00fcssen Sie diesen Link erneut klicken.<\/p>\n<p><b>Social-Media-Verlinkungen<\/b><\/p>\n<p>Soziale Netzwerke (LinkedIn) sind auf unserer Webseite lediglich als Link zu den entsprechenden Diensten eingebunden. Nach dem Anklicken des eingebundenen Text-\/ Bild-Links werden Sie auf die Seite des jeweiligen Anbieters weitergeleitet. Erst nach der Weiterleitung werden Nutzerinformationen an den jeweiligen Anbieter \u00fcbertragen. Informationen zum Umgang mit Ihren personenbezogenen Daten bei Nutzung dieser Webseiten entnehmen Sie bitte den jeweiligen Datenschutzbestimmungen der von Ihnen genutzten Anbieter.<\/p>\n<p><b>Keine Daten\u00fcbermittlungen an Dritte<\/b><\/p>\n<p>Im Allgemeinen geben wir Ihre personenbezogenen Daten nur an Dritte weiter, soweit eine gesetzliche Verpflichtung besteht oder Sie zuvor eingewilligt haben. Insbesondere werden wir Ihre personenbezogenen Daten ohne Ihre gesonderte Einwilligung nicht verkaufen, vermieten oder sonst zu Vermarktungs- oder Werbezwecken an Dritte \u00fcbermitteln.<\/p>\n<p><b>Ihre Rechte<\/b><\/p>\n<p>Im Folgenden finden Sie Informationen dazu, welche Betroffenenrechte das geltende Datenschutzrecht Ihnen gegen\u00fcber dem Verantwortlichen hinsichtlich der Verarbeitung Ihrer personenbezogenen Daten gew\u00e4hrt:<\/p>\n<p>Das Recht, gem\u00e4\u00df Art. 15 DSGVO Auskunft \u00fcber Ihre von uns verarbeiteten personenbezogenen Daten zu verlangen. Insbesondere k\u00f6nnen Sie Auskunft \u00fcber die Verarbeitungszwecke, die Kategorie der personenbezogenen Daten, die Kategorien von Empf\u00e4ngern, gegen\u00fcber denen Ihre Daten offengelegt wurden oder werden, die geplante Speicherdauer, das Bestehen eines Rechts auf Berichtigung, L\u00f6schung, Einschr\u00e4nkung der Verarbeitung oder Widerspruch, das Bestehen eines Beschwerderechts, die Herkunft ihrer Daten, sofern diese nicht bei uns erhoben wurden, sowie \u00fcber das Bestehen einer automatisierten Entscheidungsfindung einschlie\u00dflich Profiling und ggf. aussagekr\u00e4ftigen Informationen zu deren Einzelheiten verlangen.<\/p>\n<p>Das Recht, gem\u00e4\u00df Art. 16 DSGVO unverz\u00fcglich die Berichtigung unrichtiger oder Vervollst\u00e4ndigung Ihrer bei uns gespeicherten personenbezogenen Daten zu verlangen.<\/p>\n<p>Das Recht, gem\u00e4\u00df Art. 17 DSGVO die L\u00f6schung Ihrer bei uns gespeicherten personenbezogenen Daten zu verlangen, soweit nicht die Verarbeitung zur Aus\u00fcbung des Rechts auf freie Meinungs\u00e4u\u00dferung und Information, zur Erf\u00fcllung einer rechtlichen Verpflichtung, aus Gr\u00fcnden des \u00f6ffentlichen Interesses oder zur Geltendmachung, Aus\u00fcbung oder Verteidigung von Rechtsanspr\u00fcchen erforderlich ist.<\/p>\n<p>Das Recht, gem\u00e4\u00df Art. 18 DSGVO die Einschr\u00e4nkung der Verarbeitung Ihrer personenbezogenen Daten zu verlangen, soweit die Richtigkeit der Daten von Ihnen bestritten wird, die Verarbeitung unrechtm\u00e4\u00dfig ist, Sie aber deren L\u00f6schung ablehnen und wir die Daten nicht mehr ben\u00f6tigen, Sie jedoch diese zur Geltendmachung, Aus\u00fcbung oder Verteidigung von Rechtsanspr\u00fcchen ben\u00f6tigen oder Sie gem\u00e4\u00df Art. 21 DSGVO Widerspruch gegen die Verarbeitung eingelegt haben.<\/p>\n<p>Das Recht, gem\u00e4\u00df Art. 20 DSGVO Ihre personenbezogenen Daten, die Sie uns bereitgestellt haben, in einem strukturierten, g\u00e4ngigen und maschinenlesebaren Format zu erhalten oder die \u00dcbermittlung an einen anderen Verantwortlichen zu verlangen.<\/p>\n<p>Das Recht, sich gem\u00e4\u00df Art. 77 DSGVO bei einer Aufsichtsbeh\u00f6rde zu beschweren. In der Regel k\u00f6nnen Sie sich hierf\u00fcr an die Aufsichtsbeh\u00f6rde des Bundeslandes unseres oben angegebenen Sitzes oder ggf. die Ihres \u00fcblichen Aufenthaltsortes oder Arbeitsplatzes wenden.<\/p>\n<p>Recht auf Widerruf erteilter Einwilligungen gem\u00e4\u00df Art. 7 Abs. 3 DSGVO: Sie haben das Recht, eine einmal erteilte Einwilligung in die Verarbeitung von Daten jederzeit mit Wirkung f\u00fcr die Zukunft zu widerrufen. Im Falle des Widerrufs werden wir die betroffenen Daten unverz\u00fcglich l\u00f6schen, sofern eine weitere Verarbeitung nicht auf eine Rechtsgrundlage zur einwilligungslosen Verarbeitung gest\u00fctzt werden kann. Durch den Widerruf der Einwilligung wird die Rechtm\u00e4\u00dfigkeit der aufgrund der Einwilligung bis zum Widerruf erfolgten Verarbeitung nicht ber\u00fchrt.<\/p>\n<p><b>Widerspruchsrecht<\/b><\/p>\n<p>Sofern Ihre personenbezogenen Daten von uns auf Grundlage von berechtigten Interessen gem\u00e4\u00df Art. 6 Abs. 1 S. 1 lit. f DSGVO verarbeitet werden, haben Sie gem\u00e4\u00df Art. 21 DSGVO das Recht, Widerspruch gegen die Verarbeitung Ihrer personenbezogenen Daten einzulegen, soweit dies aus Gr\u00fcnden erfolgt, die sich aus Ihrer besonderen Situation ergeben. Soweit sich der Widerspruch gegen die Verarbeitung personenbezogener Daten zum Zwecke von Direktwerbung richtet, haben Sie ein generelles Widerspruchsrecht ohne das Erfordernis der Angabe einer besonderen Situation.<\/p>\n<p>M\u00f6chten Sie von Ihrem Widerrufs- oder Widerspruchsrecht Gebrauch machen, gen\u00fcgt eine E-Mail an info@aquin.com.<\/p>\n<p><b>Kontakt<\/b><\/p>\n<p>Soweit Sie weitere Fragen hinsichtlich der Verarbeitung Ihrer pers\u00f6nlichen Daten haben, k\u00f6nnen Sie sich gern uns wenden. Im \u00dcbrigen m\u00fcssen wir uns vorbehalten, diese Datenschutzhinweise von Zeit zu Zeit ohne weitere Mitteilung zu \u00e4ndern.<\/p>\n<p>Stand dieser Datenschutzerkl\u00e4rung: 22.05.2018<\/p>\n<p>Aquin &amp; Cie. AG<br \/>\nmit Sitz in der Schackstr. 1<br \/>\n80539 M\u00fcnchen<\/p>\n<p>t +49 (0)89 41 35 39 0<\/p>\n<p>info@aquin.com<br \/>\nwww.aquin.com<\/p>\n<p><b>Kontaktdaten des Datenschutzbeauftragten<\/b><br \/>\nPROLIANCE GmbH \/ www.datenschutzexperte.de<br \/>\nDatenschutzbeauftragter<br \/>\nLeopoldstr. 21<br \/>\n80802 M\u00fcnchen<br \/>\ndatenschutzbeauftragter@datenschutzexperte.de<\/p>\n<\/div><\/div><\/div><\/div><\/div>\n","protected":false},"excerpt":{"rendered":"","protected":false},"author":1,"featured_media":0,"parent":0,"menu_order":0,"comment_status":"closed","ping_status":"closed","template":"100-width.php","meta":{"_acf_changed":false,"footnotes":""},"class_list":["post-17986","page","type-page","status-publish","hentry"],"acf":[],"yoast_head":"<!-- This site is optimized with the Yoast SEO plugin v26.4 - https:\/\/yoast.com\/wordpress\/plugins\/seo\/ -->\n<title>Impressum | Datenschutz - Aquin<\/title>\n<meta name=\"robots\" content=\"index, follow, max-snippet:-1, max-image-preview:large, max-video-preview:-1\" \/>\n<link rel=\"canonical\" href=\"https:\/\/aquin.com\/de\/impressum-datenschutz\/\" \/>\n<meta property=\"og:locale\" content=\"de_DE\" \/>\n<meta property=\"og:type\" content=\"article\" \/>\n<meta property=\"og:title\" content=\"Impressum | Datenschutz - Aquin\" \/>\n<meta property=\"og:url\" content=\"https:\/\/aquin.com\/de\/impressum-datenschutz\/\" \/>\n<meta property=\"og:site_name\" content=\"Aquin\" \/>\n<meta property=\"article:modified_time\" content=\"2026-01-20T16:08:55+00:00\" \/>\n<meta name=\"twitter:card\" content=\"summary_large_image\" \/>\n<meta name=\"twitter:label1\" content=\"Gesch\u00e4tzte Lesezeit\" \/>\n\t<meta name=\"twitter:data1\" content=\"11\u00a0Minuten\" \/>\n<script type=\"application\/ld+json\" class=\"yoast-schema-graph\">{\"@context\":\"https:\/\/schema.org\",\"@graph\":[{\"@type\":\"WebPage\",\"@id\":\"https:\/\/aquin.com\/de\/impressum-datenschutz\/\",\"url\":\"https:\/\/aquin.com\/de\/impressum-datenschutz\/\",\"name\":\"Impressum | Datenschutz - Aquin\",\"isPartOf\":{\"@id\":\"https:\/\/aquin.com\/de\/#website\"},\"datePublished\":\"2021-08-23T06:20:46+00:00\",\"dateModified\":\"2026-01-20T16:08:55+00:00\",\"breadcrumb\":{\"@id\":\"https:\/\/aquin.com\/de\/impressum-datenschutz\/#breadcrumb\"},\"inLanguage\":\"de\",\"potentialAction\":[{\"@type\":\"ReadAction\",\"target\":[\"https:\/\/aquin.com\/de\/impressum-datenschutz\/\"]}]},{\"@type\":\"BreadcrumbList\",\"@id\":\"https:\/\/aquin.com\/de\/impressum-datenschutz\/#breadcrumb\",\"itemListElement\":[{\"@type\":\"ListItem\",\"position\":1,\"name\":\"Startseite\",\"item\":\"https:\/\/aquin.com\/de\/\"},{\"@type\":\"ListItem\",\"position\":2,\"name\":\"Impressum | Datenschutz\"}]},{\"@type\":\"WebSite\",\"@id\":\"https:\/\/aquin.com\/de\/#website\",\"url\":\"https:\/\/aquin.com\/de\/\",\"name\":\"Aquin\",\"description\":\"\",\"publisher\":{\"@id\":\"https:\/\/aquin.com\/de\/#organization\"},\"potentialAction\":[{\"@type\":\"SearchAction\",\"target\":{\"@type\":\"EntryPoint\",\"urlTemplate\":\"https:\/\/aquin.com\/de\/?s={search_term_string}\"},\"query-input\":{\"@type\":\"PropertyValueSpecification\",\"valueRequired\":true,\"valueName\":\"search_term_string\"}}],\"inLanguage\":\"de\"},{\"@type\":\"Organization\",\"@id\":\"https:\/\/aquin.com\/de\/#organization\",\"name\":\"Aquin & Cie. AG\",\"url\":\"https:\/\/aquin.com\/de\/\",\"logo\":{\"@type\":\"ImageObject\",\"inLanguage\":\"de\",\"@id\":\"https:\/\/aquin.com\/de\/#\/schema\/logo\/image\/\",\"url\":\"https:\/\/aquin.com\/wp-content\/uploads\/2021\/07\/AQUIN_Logo_274x60-1.png\",\"contentUrl\":\"https:\/\/aquin.com\/wp-content\/uploads\/2021\/07\/AQUIN_Logo_274x60-1.png\",\"width\":274,\"height\":60,\"caption\":\"Aquin & Cie. AG\"},\"image\":{\"@id\":\"https:\/\/aquin.com\/de\/#\/schema\/logo\/image\/\"}}]}<\/script>\n<!-- \/ Yoast SEO plugin. -->","yoast_head_json":{"title":"Impressum | Datenschutz - Aquin","robots":{"index":"index","follow":"follow","max-snippet":"max-snippet:-1","max-image-preview":"max-image-preview:large","max-video-preview":"max-video-preview:-1"},"canonical":"https:\/\/aquin.com\/de\/impressum-datenschutz\/","og_locale":"de_DE","og_type":"article","og_title":"Impressum | Datenschutz - Aquin","og_url":"https:\/\/aquin.com\/de\/impressum-datenschutz\/","og_site_name":"Aquin","article_modified_time":"2026-01-20T16:08:55+00:00","twitter_card":"summary_large_image","twitter_misc":{"Gesch\u00e4tzte Lesezeit":"11\u00a0Minuten"},"schema":{"@context":"https:\/\/schema.org","@graph":[{"@type":"WebPage","@id":"https:\/\/aquin.com\/de\/impressum-datenschutz\/","url":"https:\/\/aquin.com\/de\/impressum-datenschutz\/","name":"Impressum | Datenschutz - Aquin","isPartOf":{"@id":"https:\/\/aquin.com\/de\/#website"},"datePublished":"2021-08-23T06:20:46+00:00","dateModified":"2026-01-20T16:08:55+00:00","breadcrumb":{"@id":"https:\/\/aquin.com\/de\/impressum-datenschutz\/#breadcrumb"},"inLanguage":"de","potentialAction":[{"@type":"ReadAction","target":["https:\/\/aquin.com\/de\/impressum-datenschutz\/"]}]},{"@type":"BreadcrumbList","@id":"https:\/\/aquin.com\/de\/impressum-datenschutz\/#breadcrumb","itemListElement":[{"@type":"ListItem","position":1,"name":"Startseite","item":"https:\/\/aquin.com\/de\/"},{"@type":"ListItem","position":2,"name":"Impressum | Datenschutz"}]},{"@type":"WebSite","@id":"https:\/\/aquin.com\/de\/#website","url":"https:\/\/aquin.com\/de\/","name":"Aquin","description":"","publisher":{"@id":"https:\/\/aquin.com\/de\/#organization"},"potentialAction":[{"@type":"SearchAction","target":{"@type":"EntryPoint","urlTemplate":"https:\/\/aquin.com\/de\/?s={search_term_string}"},"query-input":{"@type":"PropertyValueSpecification","valueRequired":true,"valueName":"search_term_string"}}],"inLanguage":"de"},{"@type":"Organization","@id":"https:\/\/aquin.com\/de\/#organization","name":"Aquin & Cie. AG","url":"https:\/\/aquin.com\/de\/","logo":{"@type":"ImageObject","inLanguage":"de","@id":"https:\/\/aquin.com\/de\/#\/schema\/logo\/image\/","url":"https:\/\/aquin.com\/wp-content\/uploads\/2021\/07\/AQUIN_Logo_274x60-1.png","contentUrl":"https:\/\/aquin.com\/wp-content\/uploads\/2021\/07\/AQUIN_Logo_274x60-1.png","width":274,"height":60,"caption":"Aquin & Cie. AG"},"image":{"@id":"https:\/\/aquin.com\/de\/#\/schema\/logo\/image\/"}}]}},"_links":{"self":[{"href":"https:\/\/aquin.com\/de\/wp-json\/wp\/v2\/pages\/17986","targetHints":{"allow":["GET"]}}],"collection":[{"href":"https:\/\/aquin.com\/de\/wp-json\/wp\/v2\/pages"}],"about":[{"href":"https:\/\/aquin.com\/de\/wp-json\/wp\/v2\/types\/page"}],"author":[{"embeddable":true,"href":"https:\/\/aquin.com\/de\/wp-json\/wp\/v2\/users\/1"}],"replies":[{"embeddable":true,"href":"https:\/\/aquin.com\/de\/wp-json\/wp\/v2\/comments?post=17986"}],"version-history":[{"count":12,"href":"https:\/\/aquin.com\/de\/wp-json\/wp\/v2\/pages\/17986\/revisions"}],"predecessor-version":[{"id":25996,"href":"https:\/\/aquin.com\/de\/wp-json\/wp\/v2\/pages\/17986\/revisions\/25996"}],"wp:attachment":[{"href":"https:\/\/aquin.com\/de\/wp-json\/wp\/v2\/media?parent=17986"}],"curies":[{"name":"wp","href":"https:\/\/api.w.org\/{rel}","templated":true}]}}